{"id":477,"date":"2020-09-07T01:49:33","date_gmt":"2020-09-07T01:49:33","guid":{"rendered":"https:\/\/innovacapacitaciones.uy\/?page_id=477"},"modified":"2020-09-29T19:16:27","modified_gmt":"2020-09-29T19:16:27","slug":"construccion-en-yeso","status":"publish","type":"page","link":"https:\/\/innovacapacitaciones.uy\/?page_id=477","title":{"rendered":"Construcci\u00f3n en Yeso"},"content":{"rendered":"<p>[et_pb_section fb_built=&#8221;1&#8243; admin_label=&#8221;Header&#8221; _builder_version=&#8221;4.5.7&#8243; use_background_color_gradient=&#8221;on&#8221; background_color_gradient_start=&#8221;rgba(0,0,0,0.65)&#8221; background_color_gradient_end=&#8221;rgba(224,153,0,0)&#8221; background_color_gradient_direction=&#8221;123deg&#8221; background_color_gradient_overlays_image=&#8221;on&#8221; background_image=&#8221;https:\/\/innovacapacitaciones.uy\/wp-content\/uploads\/2020\/09\/capatazdeobra-scaled.jpg&#8221; custom_padding=&#8221;220px||160px||false|false&#8221; bottom_divider_style=&#8221;slant2&#8243; bottom_divider_color=&#8221;rgba(0,0,0,0.38)&#8221; bottom_divider_height=&#8221;100%&#8221; bottom_divider_flip=&#8221;horizontal&#8221;][et_pb_row _builder_version=&#8221;4.4.7&#8243;][et_pb_column type=&#8221;4_4&#8243; _builder_version=&#8221;4.4.7&#8243;][et_pb_text _builder_version=&#8221;4.5.7&#8243; header_font=&#8221;Lato|900|||||||&#8221; header_text_align=&#8221;center&#8221; header_text_color=&#8221;#ffffff&#8221; header_font_size=&#8221;70px&#8221; module_alignment=&#8221;center&#8221; custom_margin=&#8221;0px|0px|0px|0px|true|true&#8221; custom_padding=&#8221;0px|0px|0px|0px|true|true&#8221; header_font_size_tablet=&#8221;&#8221; header_font_size_phone=&#8221;45px&#8221; header_font_size_last_edited=&#8221;on|phone&#8221;]<\/p>\n<h1>Construcci\u00f3n en Yeso<\/h1>\n<p>[\/et_pb_text][\/et_pb_column][\/et_pb_row][\/et_pb_section][et_pb_section fb_built=&#8221;1&#8243; admin_label=&#8221;Courses&#8221; _builder_version=&#8221;3.22&#8243; custom_padding=&#8221;54px|0|54px|0px|false|false&#8221; custom_width_px__hover=&#8221;1080px&#8221; custom_width_px__hover_enabled=&#8221;1080px&#8221; custom_width_percent__hover=&#8221;80%&#8221; custom_width_percent__hover_enabled=&#8221;80%&#8221; gutter_width__hover=&#8221;3&#8243; gutter_width__hover_enabled=&#8221;3&#8243; parallax_1__hover=&#8221;off&#8221; parallax_1__hover_enabled=&#8221;off&#8221; parallax_2__hover=&#8221;off&#8221; parallax_2__hover_enabled=&#8221;off&#8221; parallax_3__hover=&#8221;off&#8221; parallax_3__hover_enabled=&#8221;off&#8221; parallax_method_1__hover=&#8221;on&#8221; parallax_method_1__hover_enabled=&#8221;on&#8221; parallax_method_2__hover=&#8221;on&#8221; parallax_method_2__hover_enabled=&#8221;on&#8221; parallax_method_3__hover=&#8221;on&#8221; parallax_method_3__hover_enabled=&#8221;on&#8221; use_background_color_gradient__hover=&#8221;off&#8221; use_background_color_gradient__hover_enabled=&#8221;off&#8221; background_color_gradient_start__hover=&#8221;#2b87da&#8221; background_color_gradient_start__hover_enabled=&#8221;#2b87da&#8221; background_color_gradient_end__hover=&#8221;#29c4a9&#8243; background_color_gradient_end__hover_enabled=&#8221;#29c4a9&#8243; background_color_gradient_type__hover=&#8221;linear&#8221; background_color_gradient_type__hover_enabled=&#8221;linear&#8221; background_color_gradient_direction__hover=&#8221;180deg&#8221; background_color_gradient_direction__hover_enabled=&#8221;180deg&#8221; background_color_gradient_direction_radial__hover=&#8221;center&#8221; background_color_gradient_direction_radial__hover_enabled=&#8221;center&#8221; background_color_gradient_start_position__hover=&#8221;0%&#8221; background_color_gradient_start_position__hover_enabled=&#8221;0%&#8221; background_color_gradient_end_position__hover=&#8221;100%&#8221; background_color_gradient_end_position__hover_enabled=&#8221;100%&#8221; background_color_gradient_overlays_image__hover=&#8221;off&#8221; background_color_gradient_overlays_image__hover_enabled=&#8221;off&#8221; parallax__hover=&#8221;off&#8221; parallax__hover_enabled=&#8221;off&#8221; parallax_method__hover=&#8221;on&#8221; parallax_method__hover_enabled=&#8221;on&#8221; background_size__hover=&#8221;cover&#8221; background_size__hover_enabled=&#8221;cover&#8221; background_position__hover=&#8221;center&#8221; background_position__hover_enabled=&#8221;center&#8221; background_repeat__hover=&#8221;no-repeat&#8221; background_repeat__hover_enabled=&#8221;no-repeat&#8221; background_blend__hover=&#8221;normal&#8221; background_blend__hover_enabled=&#8221;normal&#8221; allow_player_pause__hover=&#8221;off&#8221; allow_player_pause__hover_enabled=&#8221;off&#8221; background_video_pause_outside_viewport__hover=&#8221;on&#8221; background_video_pause_outside_viewport__hover_enabled=&#8221;on&#8221; inner_shadow__hover=&#8221;off&#8221; inner_shadow__hover_enabled=&#8221;off&#8221; make_fullwidth__hover=&#8221;off&#8221; make_fullwidth__hover_enabled=&#8221;off&#8221; use_custom_width__hover=&#8221;off&#8221; use_custom_width__hover_enabled=&#8221;off&#8221; width_unit__hover=&#8221;on&#8221; width_unit__hover_enabled=&#8221;on&#8221; make_equal__hover=&#8221;off&#8221; make_equal__hover_enabled=&#8221;off&#8221; use_custom_gutter__hover=&#8221;off&#8221; use_custom_gutter__hover_enabled=&#8221;off&#8221; border_radii__hover=&#8221;on||||&#8221; border_radii__hover_enabled=&#8221;on||||&#8221; box_shadow_style__hover=&#8221;none&#8221; box_shadow_style__hover_enabled=&#8221;none&#8221; box_shadow_color__hover=&#8221;rgba(0,0,0,0.3)&#8221; box_shadow_color__hover_enabled=&#8221;rgba(0,0,0,0.3)&#8221; max_width__hover=&#8221;100%&#8221; max_width__hover_enabled=&#8221;100%&#8221; filter_hue_rotate__hover=&#8221;0deg&#8221; filter_hue_rotate__hover_enabled=&#8221;0deg&#8221; filter_saturate__hover=&#8221;100%&#8221; filter_saturate__hover_enabled=&#8221;100%&#8221; filter_brightness__hover=&#8221;100%&#8221; filter_brightness__hover_enabled=&#8221;100%&#8221; filter_contrast__hover=&#8221;100%&#8221; filter_contrast__hover_enabled=&#8221;100%&#8221; filter_invert__hover=&#8221;0%&#8221; filter_invert__hover_enabled=&#8221;0%&#8221; filter_sepia__hover=&#8221;0%&#8221; filter_sepia__hover_enabled=&#8221;0%&#8221; filter_opacity__hover=&#8221;100%&#8221; filter_opacity__hover_enabled=&#8221;100%&#8221; filter_blur__hover=&#8221;0px&#8221; filter_blur__hover_enabled=&#8221;0px&#8221; mix_blend_mode__hover=&#8221;normal&#8221; mix_blend_mode__hover_enabled=&#8221;normal&#8221; animation_style__hover=&#8221;none&#8221; animation_style__hover_enabled=&#8221;none&#8221; animation_repeat__hover=&#8221;once&#8221; animation_repeat__hover_enabled=&#8221;once&#8221; animation_direction__hover=&#8221;center&#8221; animation_direction__hover_enabled=&#8221;center&#8221; animation_duration__hover=&#8221;1000ms&#8221; animation_duration__hover_enabled=&#8221;1000ms&#8221; animation_delay__hover=&#8221;0ms&#8221; animation_delay__hover_enabled=&#8221;0ms&#8221; animation_intensity_slide__hover=&#8221;50%&#8221; animation_intensity_slide__hover_enabled=&#8221;50%&#8221; animation_intensity_zoom__hover=&#8221;50%&#8221; animation_intensity_zoom__hover_enabled=&#8221;50%&#8221; animation_intensity_flip__hover=&#8221;50%&#8221; animation_intensity_flip__hover_enabled=&#8221;50%&#8221; animation_intensity_fold__hover=&#8221;50%&#8221; animation_intensity_fold__hover_enabled=&#8221;50%&#8221; animation_intensity_roll__hover=&#8221;50%&#8221; animation_intensity_roll__hover_enabled=&#8221;50%&#8221; animation_starting_opacity__hover=&#8221;0%&#8221; animation_starting_opacity__hover_enabled=&#8221;0%&#8221; animation_speed_curve__hover=&#8221;ease-in-out&#8221; animation_speed_curve__hover_enabled=&#8221;ease-in-out&#8221; hover_transition_duration__hover=&#8221;300ms&#8221; hover_transition_duration__hover_enabled=&#8221;300ms&#8221; hover_transition_delay__hover=&#8221;0ms&#8221; hover_transition_delay__hover_enabled=&#8221;0ms&#8221; hover_transition_speed_curve__hover=&#8221;ease&#8221; hover_transition_speed_curve__hover_enabled=&#8221;ease&#8221;][et_pb_row _builder_version=&#8221;4.5.7&#8243; _module_preset=&#8221;default&#8221; hover_enabled=&#8221;0&#8243; border_color_top=&#8221;#e97339&#8243;][et_pb_column type=&#8221;4_4&#8243; _builder_version=&#8221;4.5.6&#8243; _module_preset=&#8221;default&#8221;][et_pb_text _builder_version=&#8221;4.5.7&#8243; _module_preset=&#8221;default&#8221; text_text_color=&#8221;#000000&#8243; header_font=&#8221;Lato|900||on|||||&#8221; header_text_align=&#8221;left&#8221; header_font_size=&#8221;41px&#8221; header_2_font=&#8221;Lato|900||on|||||&#8221; header_2_text_color=&#8221;#e97339&#8243; header_2_font_size=&#8221;32px&#8221; module_alignment=&#8221;center&#8221; custom_padding=&#8221;10px||10px||true|false&#8221; hover_enabled=&#8221;0&#8243;]<\/p>\n<h2>Descripci\u00f3n<\/h2>\n<p>[\/et_pb_text][et_pb_text _builder_version=&#8221;4.5.7&#8243; _module_preset=&#8221;default&#8221; text_text_color=&#8221;#000000&#8243; header_font=&#8221;Lato|900||on|||||&#8221; header_text_align=&#8221;left&#8221; header_2_font=&#8221;Lato|700|||||||&#8221; header_2_text_color=&#8221;#e97339&#8243; header_2_font_size=&#8221;20px&#8221; header_3_font=&#8221;Lato|700||on|||||&#8221; header_3_text_color=&#8221;#e97339&#8243; header_3_font_size=&#8221;14px&#8221; module_alignment=&#8221;center&#8221; custom_padding=&#8221;15px||15px||true|false&#8221; hover_enabled=&#8221;0&#8243;]La construcci\u00f3n en Yeso se ha transformado en una forma de construcci\u00f3n muy utilizada en nuestro pa\u00eds ya que nos solo acelera los procesos constructivos en tiempos, sino que optimiza en muchos casos diferentes espacios, para eso es necesario obtener una formaci\u00f3n general y especifica en la aplicaci\u00f3n de las t\u00e9cnicas y conocimientos de las buenas pr\u00e1cticas laborales. Este curso le permite al participante incorporar y profundizar aspectos conceptuales y pr\u00e1cticos en construcci\u00f3n en Yeso a nivel domiciliario y comercial.[\/et_pb_text][et_pb_text _builder_version=&#8221;4.5.7&#8243; _module_preset=&#8221;default&#8221; text_text_color=&#8221;#000000&#8243; header_font=&#8221;Lato|900||on|||||&#8221; header_text_align=&#8221;left&#8221; header_2_font=&#8221;Lato|700|||||||&#8221; header_2_text_color=&#8221;#e97339&#8243; header_2_font_size=&#8221;20px&#8221; header_3_font=&#8221;Lato|700||on|||||&#8221; header_3_text_color=&#8221;#e97339&#8243; header_3_font_size=&#8221;14px&#8221; module_alignment=&#8221;center&#8221; custom_padding=&#8221;15px||15px||true|false&#8221; hover_enabled=&#8221;0&#8243;]<\/p>\n<h3>Perfil de Ingreso<\/h3>\n<p>La formaci\u00f3n est\u00e1 dirigida a hombres y mujeres mayores de 17 a\u00f1os con inter\u00e9s en trabajar o incorporar conocimientos en el \u00e1rea de la construcci\u00f3n en Yeso. Tambi\u00e9n se dirige a personas que se encuentren en actividad en diversos sectores y con diversas formaciones\u00a0previas.<br \/> El nivel educativo exigido es primaria completa o incompleta y no es necesario contar con<br \/> experiencia laboral previa en el rubro.<\/p>\n<p>[\/et_pb_text][et_pb_text _builder_version=&#8221;4.5.7&#8243; _module_preset=&#8221;default&#8221; text_text_color=&#8221;#000000&#8243; header_font=&#8221;Lato|900||on|||||&#8221; header_text_align=&#8221;left&#8221; header_2_font=&#8221;Lato|700|||||||&#8221; header_2_text_color=&#8221;#e97339&#8243; header_2_font_size=&#8221;20px&#8221; header_3_font=&#8221;Lato|700||on|||||&#8221; header_3_text_color=&#8221;#e97339&#8243; header_3_font_size=&#8221;14px&#8221; module_alignment=&#8221;center&#8221; custom_padding=&#8221;15px||15px||true|false&#8221; hover_enabled=&#8221;0&#8243;]<\/p>\n<h3>Objetivo<\/h3>\n<p>El objetivo de esta capacitaci\u00f3n es desarrollar en los\/las participantes competencias t\u00e9cnicas, a partir de una modalidad de trabajo con fuertes componentes pr\u00e1cticos, que le permitir\u00e1 proyectar y ejecutar no solo trabajos desde cero, sino que tambi\u00e9n puedan dominar todo lo que significa refacciones a nivel domiciliario o comercial, as\u00ed como saber presupuestar y manejar el calculo de materiales.[\/et_pb_text][\/et_pb_column][\/et_pb_row][et_pb_row _builder_version=&#8221;4.5.6&#8243; _module_preset=&#8221;default&#8221; border_width_top=&#8221;2px&#8221; border_color_top=&#8221;#e97339&#8243;][et_pb_column type=&#8221;4_4&#8243; _builder_version=&#8221;4.5.6&#8243; _module_preset=&#8221;default&#8221;][et_pb_text _builder_version=&#8221;4.5.7&#8243; _module_preset=&#8221;default&#8221; text_text_color=&#8221;#000000&#8243; header_font=&#8221;Lato|900||on|||||&#8221; header_text_align=&#8221;left&#8221; header_font_size=&#8221;41px&#8221; header_2_font=&#8221;Lato|900||on|||||&#8221; header_2_text_color=&#8221;#e97339&#8243; header_2_font_size=&#8221;32px&#8221; module_alignment=&#8221;center&#8221; custom_padding=&#8221;10px||10px||true|false&#8221;]<\/p>\n<h2>Programa<\/h2>\n<p>[\/et_pb_text][et_pb_text _builder_version=&#8221;4.5.7&#8243; _module_preset=&#8221;default&#8221; text_text_color=&#8221;#000000&#8243; header_font=&#8221;Lato|900||on|||||&#8221; header_text_align=&#8221;left&#8221; header_2_font=&#8221;Lato|700|||||||&#8221; header_2_text_color=&#8221;#e97339&#8243; header_2_font_size=&#8221;20px&#8221; header_3_font=&#8221;Lato|700||on|||||&#8221; header_3_text_color=&#8221;#e97339&#8243; header_3_font_size=&#8221;14px&#8221; module_alignment=&#8221;center&#8221; custom_padding=&#8221;15px||15px||true|false&#8221;]<\/p>\n<h3>M\u00d3DULO 1 &#8211; Introducci\u00f3n a la construcci\u00f3n en yeso.<\/h3>\n<p>\nHistoria de los sistemas constructivos en seco, reconocimiento de herramientas y<br \/>\nmateriales utilizados.\n<\/p>\n<h3>M\u00d3DULO 2 &#8211; Cielorrasos en Yeso.<\/h3>\n<p>\nTipos de cielorrasos en Yeso, su estructura, colocaci\u00f3n de placas y terminaci\u00f3n.\n<\/p>\n<h3>M\u00d3DULO 3 &#8211; Revestimiento.<\/h3>\n<p>\nEstructura y emplacado de paredes, con perfiler\u00eda tradicional y omega.\n<\/p>\n<h3>M\u00d3DULO 4 &#8211; Tabiques.<\/h3>\n<p>\nEstructura, armado de divisiones, anclajes, armado de puertas y ventanas, emplacado del tabique.\n<\/p>\n<h3>M\u00d3DULO 5 &#8211; Aislaciones<\/h3>\n<p>\nDiferentes tipos de aislaci\u00f3n, colocaci\u00f3n de lana de vidrio en tabiques y cielorrasos.\n<\/p>\n<h3>M\u00d3DULO 6 -Terminaci\u00f3n<\/h3>\n<p>\nEncintado con papel y fibra, Colocaci\u00f3n de cantoneras. Colocaci\u00f3n de juntas de dilataci\u00f3n.<br \/>\nAplicado de masilla y lijado de la misma.\n<\/p>\n<h3>M\u00d3DULO 7 &#8211; Presupuestaci\u00f3n<\/h3>\n<p>\nLectura e interpretaci\u00f3n de planos, c\u00e1lculos de materiales y armado de presupuestos.\n<\/p>\n<h3>M\u00d3DULO 8- Taller de orientaci\u00f3n laboral<\/h3>\n<p>\nDerechos y obligaciones Laborales, Competencias transversales, mercado laboral<br \/>\nB\u00fasqueda de empleo, entrevista laboral\n<\/p>\n<p>[\/et_pb_text][\/et_pb_column][\/et_pb_row][et_pb_row _builder_version=&#8221;4.5.6&#8243; _module_preset=&#8221;default&#8221; border_width_top=&#8221;2px&#8221; border_color_top=&#8221;#e97339&#8243;][et_pb_column type=&#8221;4_4&#8243; _builder_version=&#8221;4.5.6&#8243; _module_preset=&#8221;default&#8221;][et_pb_text _builder_version=&#8221;4.5.7&#8243; _module_preset=&#8221;default&#8221; text_text_color=&#8221;#000000&#8243; header_font=&#8221;Lato|900||on|||||&#8221; header_text_align=&#8221;left&#8221; header_2_font=&#8221;Lato|700|||||||&#8221; header_2_text_color=&#8221;#e97339&#8243; header_2_font_size=&#8221;20px&#8221; header_3_font=&#8221;Lato|700||on|||||&#8221; header_3_text_color=&#8221;#e97339&#8243; header_3_font_size=&#8221;14px&#8221; module_alignment=&#8221;center&#8221; custom_padding=&#8221;10px||10px||true|false&#8221;]<\/p>\n<h3>Duraci\u00f3n:<\/h3>\n<p>4 meses.<\/p>\n<p>[\/et_pb_text][\/et_pb_column][\/et_pb_row][\/et_pb_section][et_pb_section fb_built=&#8221;1&#8243; admin_label=&#8221;FAQ&#8221; _builder_version=&#8221;4.5.6&#8243; background_enable_color=&#8221;off&#8221; use_background_color_gradient=&#8221;on&#8221; background_color_gradient_start=&#8221;rgba(233,115,57,0.73)&#8221; background_color_gradient_end=&#8221;#e97339&#8243; background_color_gradient_overlays_image=&#8221;on&#8221; background_image=&#8221;https:\/\/innovacapacitaciones.uy\/wp-content\/uploads\/2020\/07\/DSC3083-scaled.jpg&#8221; custom_padding=&#8221;0px||&#8221;][et_pb_row _builder_version=&#8221;4.5.6&#8243; _module_preset=&#8221;default&#8221; custom_margin=&#8221;0px||0px||false|false&#8221; custom_padding=&#8221;35px||0px||false|false&#8221;][et_pb_column type=&#8221;4_4&#8243; _builder_version=&#8221;4.5.6&#8243; _module_preset=&#8221;default&#8221;][et_pb_text _builder_version=&#8221;4.5.6&#8243; _module_preset=&#8221;default&#8221; header_font=&#8221;Lato|900|||||||&#8221; header_text_align=&#8221;center&#8221; header_2_text_align=&#8221;center&#8221; header_2_text_color=&#8221;#ffffff&#8221; header_3_font=&#8221;Lato|900|||||||&#8221; header_3_text_align=&#8221;center&#8221; header_4_font=&#8221;Lato|900|||||||&#8221; header_4_text_align=&#8221;center&#8221; header_5_font=&#8221;Lato|900|||||||&#8221; header_5_text_align=&#8221;center&#8221; header_6_font=&#8221;Lato|900|||||||&#8221; header_6_text_align=&#8221;center&#8221;]<\/p>\n<h2>Te gustar\u00eda saber m\u00e1s sobre el curso?<\/h2>\n<p>[\/et_pb_text][et_pb_button button_text=&#8221;Contactanos&#8221; button_alignment=&#8221;center&#8221; _builder_version=&#8221;4.5.6&#8243; _module_preset=&#8221;default&#8221; custom_button=&#8221;on&#8221; button_text_size=&#8221;19px&#8221; button_text_color=&#8221;#e97339&#8243; button_bg_color=&#8221;#ffffff&#8221; button_border_radius=&#8221;30px&#8221; button_font=&#8221;Lato|900||on|||||&#8221; button_icon=&#8221;%%36%%&#8221; custom_margin=&#8221;30px||10px||false|false&#8221; custom_padding=&#8221;|65px||65px|false|true&#8221; button_text_color_last_edited=&#8221;off|desktop&#8221; button_bg_color_last_edited=&#8221;off|desktop&#8221; box_shadow_style=&#8221;preset1&#8243; box_shadow_blur=&#8221;25px&#8221; box_shadow_color=&#8221;rgba(0,0,0,0)&#8221; button_text_color__hover_enabled=&#8221;on|hover&#8221; button_text_color__hover=&#8221;#ffffff&#8221; button_bg_color__hover_enabled=&#8221;on|hover&#8221; button_bg_color__hover=&#8221;#e97339&#8243; button_bg_enable_color__hover=&#8221;on&#8221; box_shadow_color__hover_enabled=&#8221;on|hover&#8221; box_shadow_color__hover=&#8221;rgba(45,43,43,0.39)&#8221;][\/et_pb_button][\/et_pb_column][\/et_pb_row][\/et_pb_section]<\/p>\n","protected":false},"excerpt":{"rendered":"<p>Construcci\u00f3n en YesoDescripci\u00f3n La construcci\u00f3n en Yeso se ha transformado en una forma de construcci\u00f3n muy utilizada en nuestro pa\u00eds ya que nos solo acelera los procesos constructivos en tiempos, sino que optimiza en muchos casos diferentes espacios, para eso es necesario obtener una formaci\u00f3n general y especifica en la aplicaci\u00f3n de las t\u00e9cnicas y [&hellip;]<\/p>\n","protected":false},"author":1,"featured_media":0,"parent":0,"menu_order":0,"comment_status":"closed","ping_status":"closed","template":"","meta":{"_et_pb_use_builder":"on","_et_pb_old_content":"","_et_gb_content_width":"","inline_featured_image":false,"_joinchat":[],"footnotes":""},"class_list":["post-477","page","type-page","status-publish","hentry"],"yoast_head":"<!-- This site is optimized with the Yoast SEO plugin v27.5 - https:\/\/yoast.com\/product\/yoast-seo-wordpress\/ -->\n<title>Construcci\u00f3n en Yeso - Innova<\/title>\n<meta name=\"robots\" content=\"index, follow, max-snippet:-1, max-image-preview:large, max-video-preview:-1\" \/>\n<link rel=\"canonical\" href=\"https:\/\/innovacapacitaciones.uy\/?page_id=477\" \/>\n<meta property=\"og:locale\" content=\"es_MX\" \/>\n<meta property=\"og:type\" content=\"article\" \/>\n<meta property=\"og:title\" content=\"Construcci\u00f3n en Yeso - Innova\" \/>\n<meta property=\"og:description\" content=\"Construcci\u00f3n en YesoDescripci\u00f3n La construcci\u00f3n en Yeso se ha transformado en una forma de construcci\u00f3n muy utilizada en nuestro pa\u00eds ya que nos solo acelera los procesos constructivos en tiempos, sino que optimiza en muchos casos diferentes espacios, para eso es necesario obtener una formaci\u00f3n general y especifica en la aplicaci\u00f3n de las t\u00e9cnicas y [&hellip;]\" \/>\n<meta property=\"og:url\" content=\"https:\/\/innovacapacitaciones.uy\/?page_id=477\" \/>\n<meta property=\"og:site_name\" content=\"Innova\" \/>\n<meta property=\"article:modified_time\" content=\"2020-09-29T19:16:27+00:00\" \/>\n<meta name=\"twitter:card\" content=\"summary_large_image\" \/>\n<meta name=\"twitter:label1\" content=\"Tiempo de lectura\" \/>\n\t<meta name=\"twitter:data1\" content=\"9 minutos\" \/>\n<script type=\"application\/ld+json\" class=\"yoast-schema-graph\">{\"@context\":\"https:\\\/\\\/schema.org\",\"@graph\":[{\"@type\":\"WebPage\",\"@id\":\"https:\\\/\\\/innovacapacitaciones.uy\\\/?page_id=477\",\"url\":\"https:\\\/\\\/innovacapacitaciones.uy\\\/?page_id=477\",\"name\":\"Construcci\u00f3n en Yeso - Innova\",\"isPartOf\":{\"@id\":\"https:\\\/\\\/innovacapacitaciones.uy\\\/#website\"},\"datePublished\":\"2020-09-07T01:49:33+00:00\",\"dateModified\":\"2020-09-29T19:16:27+00:00\",\"breadcrumb\":{\"@id\":\"https:\\\/\\\/innovacapacitaciones.uy\\\/?page_id=477#breadcrumb\"},\"inLanguage\":\"es\",\"potentialAction\":[{\"@type\":\"ReadAction\",\"target\":[\"https:\\\/\\\/innovacapacitaciones.uy\\\/?page_id=477\"]}]},{\"@type\":\"BreadcrumbList\",\"@id\":\"https:\\\/\\\/innovacapacitaciones.uy\\\/?page_id=477#breadcrumb\",\"itemListElement\":[{\"@type\":\"ListItem\",\"position\":1,\"name\":\"Inicio\",\"item\":\"https:\\\/\\\/innovacapacitaciones.uy\\\/\"},{\"@type\":\"ListItem\",\"position\":2,\"name\":\"Construcci\u00f3n en Yeso\"}]},{\"@type\":\"WebSite\",\"@id\":\"https:\\\/\\\/innovacapacitaciones.uy\\\/#website\",\"url\":\"https:\\\/\\\/innovacapacitaciones.uy\\\/\",\"name\":\"Innova\",\"description\":\"Capacitaciones\",\"potentialAction\":[{\"@type\":\"SearchAction\",\"target\":{\"@type\":\"EntryPoint\",\"urlTemplate\":\"https:\\\/\\\/innovacapacitaciones.uy\\\/?s={search_term_string}\"},\"query-input\":{\"@type\":\"PropertyValueSpecification\",\"valueRequired\":true,\"valueName\":\"search_term_string\"}}],\"inLanguage\":\"es\"}]}<\/script>\n<!-- \/ Yoast SEO plugin. -->","yoast_head_json":{"title":"Construcci\u00f3n en Yeso - Innova","robots":{"index":"index","follow":"follow","max-snippet":"max-snippet:-1","max-image-preview":"max-image-preview:large","max-video-preview":"max-video-preview:-1"},"canonical":"https:\/\/innovacapacitaciones.uy\/?page_id=477","og_locale":"es_MX","og_type":"article","og_title":"Construcci\u00f3n en Yeso - Innova","og_description":"Construcci\u00f3n en YesoDescripci\u00f3n La construcci\u00f3n en Yeso se ha transformado en una forma de construcci\u00f3n muy utilizada en nuestro pa\u00eds ya que nos solo acelera los procesos constructivos en tiempos, sino que optimiza en muchos casos diferentes espacios, para eso es necesario obtener una formaci\u00f3n general y especifica en la aplicaci\u00f3n de las t\u00e9cnicas y [&hellip;]","og_url":"https:\/\/innovacapacitaciones.uy\/?page_id=477","og_site_name":"Innova","article_modified_time":"2020-09-29T19:16:27+00:00","twitter_card":"summary_large_image","twitter_misc":{"Tiempo de lectura":"9 minutos"},"schema":{"@context":"https:\/\/schema.org","@graph":[{"@type":"WebPage","@id":"https:\/\/innovacapacitaciones.uy\/?page_id=477","url":"https:\/\/innovacapacitaciones.uy\/?page_id=477","name":"Construcci\u00f3n en Yeso - Innova","isPartOf":{"@id":"https:\/\/innovacapacitaciones.uy\/#website"},"datePublished":"2020-09-07T01:49:33+00:00","dateModified":"2020-09-29T19:16:27+00:00","breadcrumb":{"@id":"https:\/\/innovacapacitaciones.uy\/?page_id=477#breadcrumb"},"inLanguage":"es","potentialAction":[{"@type":"ReadAction","target":["https:\/\/innovacapacitaciones.uy\/?page_id=477"]}]},{"@type":"BreadcrumbList","@id":"https:\/\/innovacapacitaciones.uy\/?page_id=477#breadcrumb","itemListElement":[{"@type":"ListItem","position":1,"name":"Inicio","item":"https:\/\/innovacapacitaciones.uy\/"},{"@type":"ListItem","position":2,"name":"Construcci\u00f3n en Yeso"}]},{"@type":"WebSite","@id":"https:\/\/innovacapacitaciones.uy\/#website","url":"https:\/\/innovacapacitaciones.uy\/","name":"Innova","description":"Capacitaciones","potentialAction":[{"@type":"SearchAction","target":{"@type":"EntryPoint","urlTemplate":"https:\/\/innovacapacitaciones.uy\/?s={search_term_string}"},"query-input":{"@type":"PropertyValueSpecification","valueRequired":true,"valueName":"search_term_string"}}],"inLanguage":"es"}]}},"_links":{"self":[{"href":"https:\/\/innovacapacitaciones.uy\/index.php?rest_route=\/wp\/v2\/pages\/477","targetHints":{"allow":["GET"]}}],"collection":[{"href":"https:\/\/innovacapacitaciones.uy\/index.php?rest_route=\/wp\/v2\/pages"}],"about":[{"href":"https:\/\/innovacapacitaciones.uy\/index.php?rest_route=\/wp\/v2\/types\/page"}],"author":[{"embeddable":true,"href":"https:\/\/innovacapacitaciones.uy\/index.php?rest_route=\/wp\/v2\/users\/1"}],"replies":[{"embeddable":true,"href":"https:\/\/innovacapacitaciones.uy\/index.php?rest_route=%2Fwp%2Fv2%2Fcomments&post=477"}],"version-history":[{"count":7,"href":"https:\/\/innovacapacitaciones.uy\/index.php?rest_route=\/wp\/v2\/pages\/477\/revisions"}],"predecessor-version":[{"id":647,"href":"https:\/\/innovacapacitaciones.uy\/index.php?rest_route=\/wp\/v2\/pages\/477\/revisions\/647"}],"wp:attachment":[{"href":"https:\/\/innovacapacitaciones.uy\/index.php?rest_route=%2Fwp%2Fv2%2Fmedia&parent=477"}],"curies":[{"name":"wp","href":"https:\/\/api.w.org\/{rel}","templated":true}]}}